{"id":7,"date":"2026-03-28T16:17:00","date_gmt":"2026-03-28T16:17:00","guid":{"rendered":"https:\/\/atelierbroderie06.fr\/?page_id=7"},"modified":"2026-03-28T16:24:07","modified_gmt":"2026-03-28T16:24:07","slug":"a-propos","status":"publish","type":"page","link":"https:\/\/atelierbroderie06.fr\/index.php\/a-propos\/","title":{"rendered":"A Propos &#8230;"},"content":{"rendered":"\t\t<div data-elementor-type=\"wp-page\" data-elementor-id=\"7\" class=\"elementor elementor-7\">\n\t\t\t\t<div class=\"elementor-element elementor-element-ba93ffe e-flex e-con-boxed e-con e-parent\" data-id=\"ba93ffe\" data-element_type=\"container\" data-e-type=\"container\">\n\t\t\t\t\t<div class=\"e-con-inner\">\n\t\t<div class=\"elementor-element elementor-element-1397aae e-con-full e-flex e-con e-child\" data-id=\"1397aae\" data-element_type=\"container\" data-e-type=\"container\">\n\t\t\t\t<div class=\"elementor-element elementor-element-03096b4 elementor-widget elementor-widget-text-editor\" data-id=\"03096b4\" data-element_type=\"widget\" data-e-type=\"widget\" data-widget_type=\"text-editor.default\">\n\t\t\t\t\t\t\t\t\t<p>Bienvenue dans l\u2019<strong>Atelier Broderie<\/strong>, sp\u00e9cialis\u00e9 dans la personnalisation textile pour particuliers et professionnels.<\/p>\n<p><span style=\"font-family: var( --e-global-typography-text-font-family ), Sans-serif; text-align: var(--text-align); font-size: var(--bt-font-size-body, 16px); letter-spacing: 0px;\">Passionn\u00e9e par le travail du fil et motiv\u00e9e par l\u2019envie de proposer une alternative qualitative aux solutions industrielles, j\u2019ai cr\u00e9\u00e9 cet atelier pour offrir un service humain, pr\u00e9cis et personnalis\u00e9.<\/span><\/p>\n<p><!-- \/wp:paragraph --><!-- wp:paragraph --><\/p>\n<p>Chaque projet, qu\u2019il s\u2019agisse d\u2019une pi\u00e8ce unique ou d\u2019une s\u00e9rie pour une entreprise, est r\u00e9alis\u00e9 avec :<\/p>\n<p><!-- \/wp:paragraph --><!-- wp:list --><\/p>\n<ul class=\"wp-block-list\">\n<li style=\"list-style-type: none;\">\n<ul class=\"wp-block-list\"><!-- wp:list-item --><\/ul>\n<\/li>\n<\/ul>\n<p>\u00a0<\/p>\n<ul class=\"wp-block-list\">\n<li style=\"list-style-type: none;\">\n<ul class=\"wp-block-list\">\n<li>un accompagnement sur-mesure,<\/li>\n<\/ul>\n<\/li>\n<\/ul>\n<p><!-- \/wp:list-item --><!-- wp:list-item --><\/p>\n<ul class=\"wp-block-list\">\n<li style=\"list-style-type: none;\">\n<ul class=\"wp-block-list\">\n<li>la cr\u00e9ation du fichier si n\u00e9cessaire,<\/li>\n<\/ul>\n<\/li>\n<\/ul>\n<p><!-- \/wp:list-item --><!-- wp:list-item --><\/p>\n<ul class=\"wp-block-list\">\n<li style=\"list-style-type: none;\">\n<ul class=\"wp-block-list\">\n<li>un savoir-faire professionnel,<\/li>\n<\/ul>\n<\/li>\n<\/ul>\n<p><!-- \/wp:list-item --><!-- wp:list-item --><\/p>\n<ul class=\"wp-block-list\">\n<li style=\"list-style-type: none;\">\n<ul class=\"wp-block-list\">\n<li>et une vraie attention port\u00e9e aux d\u00e9tails.<\/li>\n<\/ul>\n<\/li>\n<\/ul>\n<p><!-- \/wp:list-item --><\/p>\n<p><!-- \/wp:list --><!-- wp:paragraph --><\/p>\n<p>Pour les entreprises, des tarifs avantageux sont propos\u00e9s d\u00e8s\u00a0<strong>5 pi\u00e8ces minimum<\/strong>, avec un suivi adapt\u00e9 \u00e0 vos besoins.<\/p>\n<p><!-- \/wp:paragraph --><!-- wp:paragraph --><\/p>\n<p>Mon objectif est simple :\u00a0<strong>faire de chaque broderie un objet soign\u00e9, durable et porteur de sens.<\/strong><\/p>\n<p>Lorem ipsum dolor sit amet, consectetur adipiscing elit. Ut elit tellus, luctus nec ullamcorper mattis, pulvinar dapibus leo.<\/p>\t\t\t\t\t\t\t\t<\/div>\n\t\t\t\t<\/div>\n\t\t<div class=\"elementor-element elementor-element-4f41303 e-con-full e-flex e-con e-child\" data-id=\"4f41303\" data-element_type=\"container\" data-e-type=\"container\">\n\t\t\t\t<div class=\"elementor-element elementor-element-4f7bf2d elementor-widget elementor-widget-image\" data-id=\"4f7bf2d\" data-element_type=\"widget\" data-e-type=\"widget\" data-widget_type=\"image.default\">\n\t\t\t\t\t\t\t\t\t\t\t\t\t\t\t<img fetchpriority=\"high\" decoding=\"async\" width=\"1024\" height=\"576\" src=\"https:\/\/atelierbroderie06.fr\/wp-content\/uploads\/2026\/03\/image-1024x576.png\" class=\"attachment-large size-large wp-image-14\" alt=\"\" srcset=\"https:\/\/atelierbroderie06.fr\/wp-content\/uploads\/2026\/03\/image-1024x576.png 1024w, https:\/\/atelierbroderie06.fr\/wp-content\/uploads\/2026\/03\/image-300x169.png 300w, https:\/\/atelierbroderie06.fr\/wp-content\/uploads\/2026\/03\/image-768x432.png 768w, https:\/\/atelierbroderie06.fr\/wp-content\/uploads\/2026\/03\/image-1536x864.png 1536w, https:\/\/atelierbroderie06.fr\/wp-content\/uploads\/2026\/03\/image-1140x641.png 1140w, https:\/\/atelierbroderie06.fr\/wp-content\/uploads\/2026\/03\/image-920x518.png 920w, https:\/\/atelierbroderie06.fr\/wp-content\/uploads\/2026\/03\/image-575x323.png 575w, https:\/\/atelierbroderie06.fr\/wp-content\/uploads\/2026\/03\/image-380x214.png 380w, https:\/\/atelierbroderie06.fr\/wp-content\/uploads\/2026\/03\/image.png 1920w\" sizes=\"(max-width: 1024px) 100vw, 1024px\" \/>\t\t\t\t\t\t\t\t\t\t\t\t\t\t\t<\/div>\n\t\t\t\t<\/div>\n\t\t\t\t\t<\/div>\n\t\t\t\t<\/div>\n\t\t\t\t<\/div>\n\t\t","protected":false},"excerpt":{"rendered":"<p>Bienvenue dans l\u2019Atelier Broderie, sp\u00e9cialis\u00e9 dans la personnalisation textile pour particuliers et professionnels. Passionn\u00e9e par le travail du fil et motiv\u00e9e par l\u2019envie de proposer une alternative qualitative aux solutions [&hellip;]<\/p>\n","protected":false},"author":1,"featured_media":0,"parent":0,"menu_order":0,"comment_status":"closed","ping_status":"closed","template":"","meta":{"footnotes":""},"class_list":["post-7","page","type-page","status-publish","hentry"],"jetpack_sharing_enabled":true,"_links":{"self":[{"href":"https:\/\/atelierbroderie06.fr\/index.php\/wp-json\/wp\/v2\/pages\/7","targetHints":{"allow":["GET"]}}],"collection":[{"href":"https:\/\/atelierbroderie06.fr\/index.php\/wp-json\/wp\/v2\/pages"}],"about":[{"href":"https:\/\/atelierbroderie06.fr\/index.php\/wp-json\/wp\/v2\/types\/page"}],"author":[{"embeddable":true,"href":"https:\/\/atelierbroderie06.fr\/index.php\/wp-json\/wp\/v2\/users\/1"}],"replies":[{"embeddable":true,"href":"https:\/\/atelierbroderie06.fr\/index.php\/wp-json\/wp\/v2\/comments?post=7"}],"version-history":[{"count":8,"href":"https:\/\/atelierbroderie06.fr\/index.php\/wp-json\/wp\/v2\/pages\/7\/revisions"}],"predecessor-version":[{"id":20,"href":"https:\/\/atelierbroderie06.fr\/index.php\/wp-json\/wp\/v2\/pages\/7\/revisions\/20"}],"wp:attachment":[{"href":"https:\/\/atelierbroderie06.fr\/index.php\/wp-json\/wp\/v2\/media?parent=7"}],"curies":[{"name":"wp","href":"https:\/\/api.w.org\/{rel}","templated":true}]}}